{"id":1225,"date":"2022-06-20T08:30:39","date_gmt":"2022-06-20T08:30:39","guid":{"rendered":"https:\/\/tutungaleata.com\/?post_type=product&#038;p=1225"},"modified":"2022-12-13T20:25:52","modified_gmt":"2022-12-13T20:25:52","slug":"tutun-la-galeata-sobranie","status":"publish","type":"product","link":"https:\/\/tutungaleata.com\/index.php\/product\/tutun-la-galeata-sobranie\/","title":{"rendered":"Tutun la galeata Sobranie"},"content":{"rendered":"<p><strong>Tutun la galeata Sobranie <\/strong>Este un tutun la g\u0103leat\u0103 de calitate superioara. Tutunul este ambalat in g\u0103letu\u0219\u0103 de 1kg si se poate cump\u0103ra in versiunea tutun firicel si tocat de 01 si 03. Tutunul la g\u0103leat\u0103 este preparat, uscat si ambalat dup\u0103 standarde europene si nu con\u021bine praf si alte impurit\u0103\u021bi. Livrarea costa 20 de lei oriunde in tara. Livrarea este gratuita pentru comenzi mai mari de 3kg. Comenzile se fac foarte u\u0219or si se trimit in maxim 24h de la efectuare.<\/p>\n<div class=\"cart\"><a href=\"tel:0724598065\" target=\"_blank\" rel=\"noopener\"><br \/>\n<button class=\"single_add_to_cart_button button alt wp-element-button\">Comanda telefonica<\/button><\/a><\/div>\n<div class=\"cart\"><a href=\"https:\/\/wa.me\/40724753005\" target=\"_blank\" rel=\"noopener\"><br \/>\n<button class=\"single_add_to_cart_button button alt wp-element-button\">Comanda WhatsApp<\/button><\/a><\/div>\n","protected":false},"excerpt":{"rendered":"<p><strong>Tutun la galeata Sobranie <\/strong>Este un tutun la g\u0103leat\u0103 de calitate superioara. Tutunul este ambalat in g\u0103letu\u0219\u0103 de 1kg si se poate cump\u0103ra in versiunea tutun firicel si tocat de 01 si 03. Tutunul la g\u0103leat\u0103 este preparat, uscat si ambalat dup\u0103 standarde europene si nu con\u021bine praf si alte impurit\u0103\u021bi. Livrarea costa 20 de lei oriunde in tara. Livrarea este gratuita pentru comenzi mai mari de 3kg. Comenzile se fac foarte u\u0219or si se trimit in maxim 24h de la efectuare.<\/p>\n<div class=\"cart\"><a href=\"tel:0724598065\" target=\"_blank\" rel=\"noopener\"><br \/>\n<button class=\"single_add_to_cart_button button alt wp-element-button\">Comanda telefonica<\/button><\/a><\/div>\n","protected":false},"featured_media":1226,"comment_status":"open","ping_status":"closed","template":"","meta":[],"product_brand":[],"product_cat":[47],"product_tag":[71,49,72,73,54,74],"class_list":{"0":"post-1225","1":"product","2":"type-product","3":"status-publish","4":"has-post-thumbnail","6":"product_cat-tutun-la-galeata","7":"product_tag-tutun-firicel-sobranie","8":"product_tag-tutun-la-galeata","9":"product_tag-tutun-sobranie","10":"product_tag-tutun-tocat-sobranie","11":"product_tag-tutun-vrac","12":"product_tag-tutun-vrac-sobranie","14":"first","15":"instock","16":"shipping-taxable","17":"product-type-external"},"yoast_head":"<!-- This site is optimized with the Yoast SEO plugin v27.4 - https:\/\/yoast.com\/product\/yoast-seo-wordpress\/ -->\n<title>Tutun la galeata Sobranie - Tutun La Galeata<\/title>\n<meta name=\"description\" content=\"Tutun la g\u0103leat\u0103 Sobranie de 1kg. Alege din varietatea noastr\u0103 de tutun firicel vrac cu livrare in toata tara\" \/>\n<meta name=\"robots\" content=\"index, follow, max-snippet:-1, max-image-preview:large, max-video-preview:-1\" \/>\n<link rel=\"canonical\" href=\"https:\/\/tutungaleata.com\/index.php\/product\/tutun-la-galeata-sobranie\/\" \/>\n<meta property=\"og:locale\" content=\"ro_RO\" \/>\n<meta property=\"og:type\" content=\"article\" \/>\n<meta property=\"og:title\" content=\"Tutun la galeata Sobranie - Tutun La Galeata\" \/>\n<meta property=\"og:description\" content=\"Tutun la g\u0103leat\u0103 Sobranie de 1kg. Alege din varietatea noastr\u0103 de tutun firicel vrac cu livrare in toata tara\" \/>\n<meta property=\"og:url\" content=\"https:\/\/tutungaleata.com\/index.php\/product\/tutun-la-galeata-sobranie\/\" \/>\n<meta property=\"og:site_name\" content=\"Tutun La Galeata\" \/>\n<meta property=\"article:modified_time\" content=\"2022-12-13T20:25:52+00:00\" \/>\n<meta property=\"og:image\" content=\"https:\/\/tutungaleata.com\/wp-content\/uploads\/2022\/06\/tutun-la-galeata-sobranie.webp\" \/>\n\t<meta property=\"og:image:width\" content=\"600\" \/>\n\t<meta property=\"og:image:height\" content=\"600\" \/>\n\t<meta property=\"og:image:type\" content=\"image\/webp\" \/>\n<meta name=\"twitter:card\" content=\"summary_large_image\" \/>\n<meta name=\"twitter:label1\" content=\"Timp estimat pentru citire\" \/>\n\t<meta name=\"twitter:data1\" content=\"1 minut\" \/>\n<script type=\"application\/ld+json\" class=\"yoast-schema-graph\">{\"@context\":\"https:\\\/\\\/schema.org\",\"@graph\":[{\"@type\":\"WebPage\",\"@id\":\"https:\\\/\\\/tutungaleata.com\\\/index.php\\\/product\\\/tutun-la-galeata-sobranie\\\/\",\"url\":\"https:\\\/\\\/tutungaleata.com\\\/index.php\\\/product\\\/tutun-la-galeata-sobranie\\\/\",\"name\":\"Tutun la galeata Sobranie - Tutun La Galeata\",\"isPartOf\":{\"@id\":\"https:\\\/\\\/tutungaleata.com\\\/#website\"},\"primaryImageOfPage\":{\"@id\":\"https:\\\/\\\/tutungaleata.com\\\/index.php\\\/product\\\/tutun-la-galeata-sobranie\\\/#primaryimage\"},\"image\":{\"@id\":\"https:\\\/\\\/tutungaleata.com\\\/index.php\\\/product\\\/tutun-la-galeata-sobranie\\\/#primaryimage\"},\"thumbnailUrl\":\"https:\\\/\\\/tutungaleata.com\\\/wp-content\\\/uploads\\\/2022\\\/06\\\/tutun-la-galeata-sobranie.webp\",\"datePublished\":\"2022-06-20T08:30:39+00:00\",\"dateModified\":\"2022-12-13T20:25:52+00:00\",\"description\":\"Tutun la g\u0103leat\u0103 Sobranie de 1kg. Alege din varietatea noastr\u0103 de tutun firicel vrac cu livrare in toata tara\",\"breadcrumb\":{\"@id\":\"https:\\\/\\\/tutungaleata.com\\\/index.php\\\/product\\\/tutun-la-galeata-sobranie\\\/#breadcrumb\"},\"inLanguage\":\"ro-RO\",\"potentialAction\":[{\"@type\":\"ReadAction\",\"target\":[\"https:\\\/\\\/tutungaleata.com\\\/index.php\\\/product\\\/tutun-la-galeata-sobranie\\\/\"]}]},{\"@type\":\"ImageObject\",\"inLanguage\":\"ro-RO\",\"@id\":\"https:\\\/\\\/tutungaleata.com\\\/index.php\\\/product\\\/tutun-la-galeata-sobranie\\\/#primaryimage\",\"url\":\"https:\\\/\\\/tutungaleata.com\\\/wp-content\\\/uploads\\\/2022\\\/06\\\/tutun-la-galeata-sobranie.webp\",\"contentUrl\":\"https:\\\/\\\/tutungaleata.com\\\/wp-content\\\/uploads\\\/2022\\\/06\\\/tutun-la-galeata-sobranie.webp\",\"width\":513,\"height\":513,\"caption\":\"tutun la galeata sobranie\"},{\"@type\":\"BreadcrumbList\",\"@id\":\"https:\\\/\\\/tutungaleata.com\\\/index.php\\\/product\\\/tutun-la-galeata-sobranie\\\/#breadcrumb\",\"itemListElement\":[{\"@type\":\"ListItem\",\"position\":1,\"name\":\"Home\",\"item\":\"https:\\\/\\\/tutungaleata.com\\\/\"},{\"@type\":\"ListItem\",\"position\":2,\"name\":\"Shop\",\"item\":\"https:\\\/\\\/tutungaleata.com\\\/index.php\\\/shop\\\/\"},{\"@type\":\"ListItem\",\"position\":3,\"name\":\"Tutun la galeata Sobranie\"}]},{\"@type\":\"WebSite\",\"@id\":\"https:\\\/\\\/tutungaleata.com\\\/#website\",\"url\":\"https:\\\/\\\/tutungaleata.com\\\/\",\"name\":\"Tutun La Galeata\",\"description\":\"Tutun La Galeata cu livrare in toata tara\",\"publisher\":{\"@id\":\"https:\\\/\\\/tutungaleata.com\\\/#organization\"},\"potentialAction\":[{\"@type\":\"SearchAction\",\"target\":{\"@type\":\"EntryPoint\",\"urlTemplate\":\"https:\\\/\\\/tutungaleata.com\\\/?s={search_term_string}\"},\"query-input\":{\"@type\":\"PropertyValueSpecification\",\"valueRequired\":true,\"valueName\":\"search_term_string\"}}],\"inLanguage\":\"ro-RO\"},{\"@type\":\"Organization\",\"@id\":\"https:\\\/\\\/tutungaleata.com\\\/#organization\",\"name\":\"Tutun Firicel Vrac\",\"url\":\"https:\\\/\\\/tutungaleata.com\\\/\",\"logo\":{\"@type\":\"ImageObject\",\"inLanguage\":\"ro-RO\",\"@id\":\"https:\\\/\\\/tutungaleata.com\\\/#\\\/schema\\\/logo\\\/image\\\/\",\"url\":\"https:\\\/\\\/tutungaleata.com\\\/wp-content\\\/uploads\\\/2021\\\/03\\\/android-chrome-512x512-1.png\",\"contentUrl\":\"https:\\\/\\\/tutungaleata.com\\\/wp-content\\\/uploads\\\/2021\\\/03\\\/android-chrome-512x512-1.png\",\"width\":512,\"height\":512,\"caption\":\"Tutun Firicel Vrac\"},\"image\":{\"@id\":\"https:\\\/\\\/tutungaleata.com\\\/#\\\/schema\\\/logo\\\/image\\\/\"}}]}<\/script>\n<!-- \/ Yoast SEO plugin. -->","yoast_head_json":{"title":"Tutun la galeata Sobranie - Tutun La Galeata","description":"Tutun la g\u0103leat\u0103 Sobranie de 1kg. Alege din varietatea noastr\u0103 de tutun firicel vrac cu livrare in toata tara","robots":{"index":"index","follow":"follow","max-snippet":"max-snippet:-1","max-image-preview":"max-image-preview:large","max-video-preview":"max-video-preview:-1"},"canonical":"https:\/\/tutungaleata.com\/index.php\/product\/tutun-la-galeata-sobranie\/","og_locale":"ro_RO","og_type":"article","og_title":"Tutun la galeata Sobranie - Tutun La Galeata","og_description":"Tutun la g\u0103leat\u0103 Sobranie de 1kg. Alege din varietatea noastr\u0103 de tutun firicel vrac cu livrare in toata tara","og_url":"https:\/\/tutungaleata.com\/index.php\/product\/tutun-la-galeata-sobranie\/","og_site_name":"Tutun La Galeata","article_modified_time":"2022-12-13T20:25:52+00:00","og_image":[{"width":600,"height":600,"url":"https:\/\/tutungaleata.com\/wp-content\/uploads\/2022\/06\/tutun-la-galeata-sobranie.webp","type":"image\/webp"}],"twitter_card":"summary_large_image","twitter_misc":{"Timp estimat pentru citire":"1 minut"},"schema":{"@context":"https:\/\/schema.org","@graph":[{"@type":"WebPage","@id":"https:\/\/tutungaleata.com\/index.php\/product\/tutun-la-galeata-sobranie\/","url":"https:\/\/tutungaleata.com\/index.php\/product\/tutun-la-galeata-sobranie\/","name":"Tutun la galeata Sobranie - Tutun La Galeata","isPartOf":{"@id":"https:\/\/tutungaleata.com\/#website"},"primaryImageOfPage":{"@id":"https:\/\/tutungaleata.com\/index.php\/product\/tutun-la-galeata-sobranie\/#primaryimage"},"image":{"@id":"https:\/\/tutungaleata.com\/index.php\/product\/tutun-la-galeata-sobranie\/#primaryimage"},"thumbnailUrl":"https:\/\/tutungaleata.com\/wp-content\/uploads\/2022\/06\/tutun-la-galeata-sobranie.webp","datePublished":"2022-06-20T08:30:39+00:00","dateModified":"2022-12-13T20:25:52+00:00","description":"Tutun la g\u0103leat\u0103 Sobranie de 1kg. Alege din varietatea noastr\u0103 de tutun firicel vrac cu livrare in toata tara","breadcrumb":{"@id":"https:\/\/tutungaleata.com\/index.php\/product\/tutun-la-galeata-sobranie\/#breadcrumb"},"inLanguage":"ro-RO","potentialAction":[{"@type":"ReadAction","target":["https:\/\/tutungaleata.com\/index.php\/product\/tutun-la-galeata-sobranie\/"]}]},{"@type":"ImageObject","inLanguage":"ro-RO","@id":"https:\/\/tutungaleata.com\/index.php\/product\/tutun-la-galeata-sobranie\/#primaryimage","url":"https:\/\/tutungaleata.com\/wp-content\/uploads\/2022\/06\/tutun-la-galeata-sobranie.webp","contentUrl":"https:\/\/tutungaleata.com\/wp-content\/uploads\/2022\/06\/tutun-la-galeata-sobranie.webp","width":513,"height":513,"caption":"tutun la galeata sobranie"},{"@type":"BreadcrumbList","@id":"https:\/\/tutungaleata.com\/index.php\/product\/tutun-la-galeata-sobranie\/#breadcrumb","itemListElement":[{"@type":"ListItem","position":1,"name":"Home","item":"https:\/\/tutungaleata.com\/"},{"@type":"ListItem","position":2,"name":"Shop","item":"https:\/\/tutungaleata.com\/index.php\/shop\/"},{"@type":"ListItem","position":3,"name":"Tutun la galeata Sobranie"}]},{"@type":"WebSite","@id":"https:\/\/tutungaleata.com\/#website","url":"https:\/\/tutungaleata.com\/","name":"Tutun La Galeata","description":"Tutun La Galeata cu livrare in toata tara","publisher":{"@id":"https:\/\/tutungaleata.com\/#organization"},"potentialAction":[{"@type":"SearchAction","target":{"@type":"EntryPoint","urlTemplate":"https:\/\/tutungaleata.com\/?s={search_term_string}"},"query-input":{"@type":"PropertyValueSpecification","valueRequired":true,"valueName":"search_term_string"}}],"inLanguage":"ro-RO"},{"@type":"Organization","@id":"https:\/\/tutungaleata.com\/#organization","name":"Tutun Firicel Vrac","url":"https:\/\/tutungaleata.com\/","logo":{"@type":"ImageObject","inLanguage":"ro-RO","@id":"https:\/\/tutungaleata.com\/#\/schema\/logo\/image\/","url":"https:\/\/tutungaleata.com\/wp-content\/uploads\/2021\/03\/android-chrome-512x512-1.png","contentUrl":"https:\/\/tutungaleata.com\/wp-content\/uploads\/2021\/03\/android-chrome-512x512-1.png","width":512,"height":512,"caption":"Tutun Firicel Vrac"},"image":{"@id":"https:\/\/tutungaleata.com\/#\/schema\/logo\/image\/"}}]}},"_links":{"self":[{"href":"https:\/\/tutungaleata.com\/index.php\/wp-json\/wp\/v2\/product\/1225","targetHints":{"allow":["GET"]}}],"collection":[{"href":"https:\/\/tutungaleata.com\/index.php\/wp-json\/wp\/v2\/product"}],"about":[{"href":"https:\/\/tutungaleata.com\/index.php\/wp-json\/wp\/v2\/types\/product"}],"replies":[{"embeddable":true,"href":"https:\/\/tutungaleata.com\/index.php\/wp-json\/wp\/v2\/comments?post=1225"}],"wp:featuredmedia":[{"embeddable":true,"href":"https:\/\/tutungaleata.com\/index.php\/wp-json\/wp\/v2\/media\/1226"}],"wp:attachment":[{"href":"https:\/\/tutungaleata.com\/index.php\/wp-json\/wp\/v2\/media?parent=1225"}],"wp:term":[{"taxonomy":"product_brand","embeddable":true,"href":"https:\/\/tutungaleata.com\/index.php\/wp-json\/wp\/v2\/product_brand?post=1225"},{"taxonomy":"product_cat","embeddable":true,"href":"https:\/\/tutungaleata.com\/index.php\/wp-json\/wp\/v2\/product_cat?post=1225"},{"taxonomy":"product_tag","embeddable":true,"href":"https:\/\/tutungaleata.com\/index.php\/wp-json\/wp\/v2\/product_tag?post=1225"}],"curies":[{"name":"wp","href":"https:\/\/api.w.org\/{rel}","templated":true}]}}