{"id":785,"date":"2021-02-26T09:24:29","date_gmt":"2021-02-26T09:24:29","guid":{"rendered":"https:\/\/tutun-firicel-vrac.com\/?page_id=785"},"modified":"2023-06-19T19:14:07","modified_gmt":"2023-06-19T19:14:07","slug":"tutun-firicel-vrac-premium","status":"publish","type":"page","link":"https:\/\/tutungaleata.com\/index.php\/acasa\/tutun-firicel-vrac-premium\/","title":{"rendered":"Tutun Firicel Vrac Premium"},"content":{"rendered":"<div id=\"pl-785\"  class=\"panel-layout\" ><div id=\"pg-785-0\"  class=\"panel-grid panel-no-style\" ><div id=\"pgc-785-0-0\"  class=\"panel-grid-cell\" ><div id=\"panel-785-0-0-0\" class=\"so-panel widget widget_sow-image panel-first-child panel-last-child\" data-index=\"0\" ><div\n\t\t\t\n\t\t\tclass=\"so-widget-sow-image so-widget-sow-image-default-6ec9e3772f75-785\"\n\t\t\t\n\t\t>\n<div class=\"sow-image-container\">\n\t\t<img \n\tsrc=\"https:\/\/tutungaleata.com\/wp-content\/uploads\/2021\/08\/tutun-la-galeata-premium.webp\" width=\"513\" height=\"513\" srcset=\"https:\/\/tutungaleata.com\/wp-content\/uploads\/2021\/08\/tutun-la-galeata-premium.webp 513w, https:\/\/tutungaleata.com\/wp-content\/uploads\/2021\/08\/tutun-la-galeata-premium-300x300.webp 300w, https:\/\/tutungaleata.com\/wp-content\/uploads\/2021\/08\/tutun-la-galeata-premium-150x150.webp 150w, https:\/\/tutungaleata.com\/wp-content\/uploads\/2021\/08\/tutun-la-galeata-premium-100x100.webp 100w\" sizes=\"(max-width: 513px) 100vw, 513px\" title=\"tutun la galeata premium\" alt=\"tutun la galeata premium\" \t\tclass=\"so-widget-image\"\/>\n\t<\/div>\n\n<\/div><\/div><\/div><div id=\"pgc-785-0-1\"  class=\"panel-grid-cell\" ><div id=\"panel-785-0-1-0\" class=\"so-panel widget widget_sow-editor panel-first-child panel-last-child\" data-index=\"1\" ><div\n\t\t\t\n\t\t\tclass=\"so-widget-sow-editor so-widget-sow-editor-base\"\n\t\t\t\n\t\t><h3 class=\"widget-title\">Tutun Firicel Vrac Premium<\/h3>\n<div class=\"siteorigin-widget-tinymce textwidget\">\n\t<div class=\"siteorigin-widget-tinymce textwidget\">\n<p><a href=\"https:\/\/tutungaleata.com\/index.php\/acasa\/tutun-firicel-vrac-premium\/\"><strong>Tutun Firicel Vrac Premium <\/strong><\/a>Este un produs de calitate superioara. Tutunul este ambalat in g\u0103letu\u0219\u0103 de 1kg si este disponibil in versiunea tutun firicel si tocat de 01 si 03. Tutunul este preparat, uscat si ambalat dup\u0103 standarde europene si nu con\u021bine praf si alte impurit\u0103\u021bi. Livrarea costa 20 de lei oriunde in tara. Livrarea este gratuita pentru comenzi mai mari de 3kg.<\/p>\n<hr \/>\n<p>Comenzile se pot face telefonic sun\u00e2nd la <a href=\"tel:0724598065\">0724598065<\/a><\/p>\n<table style=\"height: 89px;\" width=\"1496\">\n<tbody>\n<tr>\n<td>\n<h4><span style=\"color: #333399;\"><strong>tip produs<\/strong><\/span><\/h4>\n<\/td>\n<td>\n<h4><span style=\"color: #333399;\"><strong>pret<\/strong><\/span><\/h4>\n<\/td>\n<\/tr>\n<tr>\n<td>Tutun tocat Premium 1kg<\/td>\n<td>120 lei g\u0103leata de 1kg<\/td>\n<\/tr>\n<tr>\n<td>Tutun Firicel Premium 0,3\u00a0 1kg<\/td>\n<td>140 lei g\u0103leata de 1kg<\/td>\n<\/tr>\n<tr>\n<td>Tutun Firicel Premium 0,1\u00a0 1kg<\/td>\n<td>150 lei g\u0103leata de 1kg<\/td>\n<\/tr>\n<\/tbody>\n<\/table>\n<p>&nbsp;<\/p>\n<p><a href=\"tel:0724598065\" id=\"kadbtn87\" target=\"_self\" class=\"kad-btn btn-shortcode kad-btn-primary    \" style=\" border: 0 solid; border-color:#000;  color:#ffffff;\" onMouseOver=\"this.style.color=&#039;#ffffff&#039;\" onMouseOut=\"this.style.color=&#039;#ffffff&#039;\">Comanda telefonica <\/a> <a href=\"https:\/\/wa.me\/40724753005\" id=\"kadbtn49\" target=\"_self\" class=\"kad-btn btn-shortcode kad-btn-primary    \" style=\" border: 0 solid; border-color:#000;  color:#ffffff;\" onMouseOver=\"this.style.color=&#039;#ffffff&#039;\" onMouseOut=\"this.style.color=&#039;#ffffff&#039;\">Comanda WhatsApp <\/a><\/p>\n<\/div>\n<\/div>\n<\/div><\/div><\/div><\/div><\/div>","protected":false},"excerpt":{"rendered":"<p>Tutun Firicel Vrac Premium Este un produs de calitate superioara. Tutunul este ambalat in g\u0103letu\u0219\u0103 de 1kg si este disponibil in versiunea tutun firicel si tocat de 01 si 03. Tutunul este preparat, uscat si ambalat dup\u0103 standarde europene si nu con\u021bine praf si alte impurit\u0103\u021bi. Livrarea costa 20 de &hellip; <a href=\"https:\/\/tutungaleata.com\/index.php\/acasa\/tutun-firicel-vrac-premium\/\">Read More<\/a><\/p>\n","protected":false},"author":3,"featured_media":697,"parent":107,"menu_order":0,"comment_status":"closed","ping_status":"closed","template":"","meta":{"footnotes":""},"class_list":["post-785","page","type-page","status-publish","has-post-thumbnail","hentry"],"yoast_head":"<!-- This site is optimized with the Yoast SEO plugin v27.3 - https:\/\/yoast.com\/product\/yoast-seo-wordpress\/ -->\n<title>Tutun la galeata Premium<\/title>\n<meta name=\"description\" content=\"Tutun la galeata Premium firicel si tocat la g\u0103leat\u0103 de 1kg. Alege din varietatea noastr\u0103 de tutun firicel vrac cu livrare in toata tara\" \/>\n<meta name=\"robots\" content=\"index, follow, max-snippet:-1, max-image-preview:large, max-video-preview:-1\" \/>\n<link rel=\"canonical\" href=\"https:\/\/tutungaleata.com\/index.php\/acasa\/tutun-firicel-vrac-premium\/\" \/>\n<meta property=\"og:locale\" content=\"ro_RO\" \/>\n<meta property=\"og:type\" content=\"article\" \/>\n<meta property=\"og:title\" content=\"Tutun la galeata Premium\" \/>\n<meta property=\"og:description\" content=\"Tutun la galeata Premium firicel si tocat la g\u0103leat\u0103 de 1kg. Alege din varietatea noastr\u0103 de tutun firicel vrac cu livrare in toata tara\" \/>\n<meta property=\"og:url\" content=\"https:\/\/tutungaleata.com\/index.php\/acasa\/tutun-firicel-vrac-premium\/\" \/>\n<meta property=\"og:site_name\" content=\"Tutun La Galeata\" \/>\n<meta property=\"article:modified_time\" content=\"2023-06-19T19:14:07+00:00\" \/>\n<meta property=\"og:image\" content=\"https:\/\/tutungaleata.com\/wp-content\/uploads\/2021\/02\/tutun_firicel_vrac_kent_galeata.jpg\" \/>\n\t<meta property=\"og:image:width\" content=\"1260\" \/>\n\t<meta property=\"og:image:height\" content=\"840\" \/>\n\t<meta property=\"og:image:type\" content=\"image\/jpeg\" \/>\n<meta name=\"twitter:card\" content=\"summary_large_image\" \/>\n<meta name=\"twitter:label1\" content=\"Timp estimat pentru citire\" \/>\n\t<meta name=\"twitter:data1\" content=\"1 minut\" \/>\n<script type=\"application\/ld+json\" class=\"yoast-schema-graph\">{\"@context\":\"https:\\\/\\\/schema.org\",\"@graph\":[{\"@type\":\"WebPage\",\"@id\":\"https:\\\/\\\/tutungaleata.com\\\/index.php\\\/acasa\\\/tutun-firicel-vrac-premium\\\/\",\"url\":\"https:\\\/\\\/tutungaleata.com\\\/index.php\\\/acasa\\\/tutun-firicel-vrac-premium\\\/\",\"name\":\"Tutun la galeata Premium\",\"isPartOf\":{\"@id\":\"https:\\\/\\\/tutungaleata.com\\\/#website\"},\"primaryImageOfPage\":{\"@id\":\"https:\\\/\\\/tutungaleata.com\\\/index.php\\\/acasa\\\/tutun-firicel-vrac-premium\\\/#primaryimage\"},\"image\":{\"@id\":\"https:\\\/\\\/tutungaleata.com\\\/index.php\\\/acasa\\\/tutun-firicel-vrac-premium\\\/#primaryimage\"},\"thumbnailUrl\":\"https:\\\/\\\/tutungaleata.com\\\/wp-content\\\/uploads\\\/2021\\\/02\\\/tutun_firicel_vrac_kent_galeata.jpg\",\"datePublished\":\"2021-02-26T09:24:29+00:00\",\"dateModified\":\"2023-06-19T19:14:07+00:00\",\"description\":\"Tutun la galeata Premium firicel si tocat la g\u0103leat\u0103 de 1kg. Alege din varietatea noastr\u0103 de tutun firicel vrac cu livrare in toata tara\",\"breadcrumb\":{\"@id\":\"https:\\\/\\\/tutungaleata.com\\\/index.php\\\/acasa\\\/tutun-firicel-vrac-premium\\\/#breadcrumb\"},\"inLanguage\":\"ro-RO\",\"potentialAction\":[{\"@type\":\"ReadAction\",\"target\":[\"https:\\\/\\\/tutungaleata.com\\\/index.php\\\/acasa\\\/tutun-firicel-vrac-premium\\\/\"]}]},{\"@type\":\"ImageObject\",\"inLanguage\":\"ro-RO\",\"@id\":\"https:\\\/\\\/tutungaleata.com\\\/index.php\\\/acasa\\\/tutun-firicel-vrac-premium\\\/#primaryimage\",\"url\":\"https:\\\/\\\/tutungaleata.com\\\/wp-content\\\/uploads\\\/2021\\\/02\\\/tutun_firicel_vrac_kent_galeata.jpg\",\"contentUrl\":\"https:\\\/\\\/tutungaleata.com\\\/wp-content\\\/uploads\\\/2021\\\/02\\\/tutun_firicel_vrac_kent_galeata.jpg\",\"width\":1260,\"height\":840,\"caption\":\"tutun_firicel_vrac_kent\"},{\"@type\":\"BreadcrumbList\",\"@id\":\"https:\\\/\\\/tutungaleata.com\\\/index.php\\\/acasa\\\/tutun-firicel-vrac-premium\\\/#breadcrumb\",\"itemListElement\":[{\"@type\":\"ListItem\",\"position\":1,\"name\":\"Home\",\"item\":\"https:\\\/\\\/tutungaleata.com\\\/\"},{\"@type\":\"ListItem\",\"position\":2,\"name\":\"Acasa\",\"item\":\"https:\\\/\\\/tutungaleata.com\\\/\"},{\"@type\":\"ListItem\",\"position\":3,\"name\":\"Tutun Firicel Vrac Premium\"}]},{\"@type\":\"WebSite\",\"@id\":\"https:\\\/\\\/tutungaleata.com\\\/#website\",\"url\":\"https:\\\/\\\/tutungaleata.com\\\/\",\"name\":\"Tutun La Galeata\",\"description\":\"Tutun La Galeata cu livrare in toata tara\",\"publisher\":{\"@id\":\"https:\\\/\\\/tutungaleata.com\\\/#organization\"},\"potentialAction\":[{\"@type\":\"SearchAction\",\"target\":{\"@type\":\"EntryPoint\",\"urlTemplate\":\"https:\\\/\\\/tutungaleata.com\\\/?s={search_term_string}\"},\"query-input\":{\"@type\":\"PropertyValueSpecification\",\"valueRequired\":true,\"valueName\":\"search_term_string\"}}],\"inLanguage\":\"ro-RO\"},{\"@type\":\"Organization\",\"@id\":\"https:\\\/\\\/tutungaleata.com\\\/#organization\",\"name\":\"Tutun Firicel Vrac\",\"url\":\"https:\\\/\\\/tutungaleata.com\\\/\",\"logo\":{\"@type\":\"ImageObject\",\"inLanguage\":\"ro-RO\",\"@id\":\"https:\\\/\\\/tutungaleata.com\\\/#\\\/schema\\\/logo\\\/image\\\/\",\"url\":\"https:\\\/\\\/tutungaleata.com\\\/wp-content\\\/uploads\\\/2021\\\/03\\\/android-chrome-512x512-1.png\",\"contentUrl\":\"https:\\\/\\\/tutungaleata.com\\\/wp-content\\\/uploads\\\/2021\\\/03\\\/android-chrome-512x512-1.png\",\"width\":512,\"height\":512,\"caption\":\"Tutun Firicel Vrac\"},\"image\":{\"@id\":\"https:\\\/\\\/tutungaleata.com\\\/#\\\/schema\\\/logo\\\/image\\\/\"}}]}<\/script>\n<!-- \/ Yoast SEO plugin. -->","yoast_head_json":{"title":"Tutun la galeata Premium","description":"Tutun la galeata Premium firicel si tocat la g\u0103leat\u0103 de 1kg. Alege din varietatea noastr\u0103 de tutun firicel vrac cu livrare in toata tara","robots":{"index":"index","follow":"follow","max-snippet":"max-snippet:-1","max-image-preview":"max-image-preview:large","max-video-preview":"max-video-preview:-1"},"canonical":"https:\/\/tutungaleata.com\/index.php\/acasa\/tutun-firicel-vrac-premium\/","og_locale":"ro_RO","og_type":"article","og_title":"Tutun la galeata Premium","og_description":"Tutun la galeata Premium firicel si tocat la g\u0103leat\u0103 de 1kg. Alege din varietatea noastr\u0103 de tutun firicel vrac cu livrare in toata tara","og_url":"https:\/\/tutungaleata.com\/index.php\/acasa\/tutun-firicel-vrac-premium\/","og_site_name":"Tutun La Galeata","article_modified_time":"2023-06-19T19:14:07+00:00","og_image":[{"width":1260,"height":840,"url":"https:\/\/tutungaleata.com\/wp-content\/uploads\/2021\/02\/tutun_firicel_vrac_kent_galeata.jpg","type":"image\/jpeg"}],"twitter_card":"summary_large_image","twitter_misc":{"Timp estimat pentru citire":"1 minut"},"schema":{"@context":"https:\/\/schema.org","@graph":[{"@type":"WebPage","@id":"https:\/\/tutungaleata.com\/index.php\/acasa\/tutun-firicel-vrac-premium\/","url":"https:\/\/tutungaleata.com\/index.php\/acasa\/tutun-firicel-vrac-premium\/","name":"Tutun la galeata Premium","isPartOf":{"@id":"https:\/\/tutungaleata.com\/#website"},"primaryImageOfPage":{"@id":"https:\/\/tutungaleata.com\/index.php\/acasa\/tutun-firicel-vrac-premium\/#primaryimage"},"image":{"@id":"https:\/\/tutungaleata.com\/index.php\/acasa\/tutun-firicel-vrac-premium\/#primaryimage"},"thumbnailUrl":"https:\/\/tutungaleata.com\/wp-content\/uploads\/2021\/02\/tutun_firicel_vrac_kent_galeata.jpg","datePublished":"2021-02-26T09:24:29+00:00","dateModified":"2023-06-19T19:14:07+00:00","description":"Tutun la galeata Premium firicel si tocat la g\u0103leat\u0103 de 1kg. Alege din varietatea noastr\u0103 de tutun firicel vrac cu livrare in toata tara","breadcrumb":{"@id":"https:\/\/tutungaleata.com\/index.php\/acasa\/tutun-firicel-vrac-premium\/#breadcrumb"},"inLanguage":"ro-RO","potentialAction":[{"@type":"ReadAction","target":["https:\/\/tutungaleata.com\/index.php\/acasa\/tutun-firicel-vrac-premium\/"]}]},{"@type":"ImageObject","inLanguage":"ro-RO","@id":"https:\/\/tutungaleata.com\/index.php\/acasa\/tutun-firicel-vrac-premium\/#primaryimage","url":"https:\/\/tutungaleata.com\/wp-content\/uploads\/2021\/02\/tutun_firicel_vrac_kent_galeata.jpg","contentUrl":"https:\/\/tutungaleata.com\/wp-content\/uploads\/2021\/02\/tutun_firicel_vrac_kent_galeata.jpg","width":1260,"height":840,"caption":"tutun_firicel_vrac_kent"},{"@type":"BreadcrumbList","@id":"https:\/\/tutungaleata.com\/index.php\/acasa\/tutun-firicel-vrac-premium\/#breadcrumb","itemListElement":[{"@type":"ListItem","position":1,"name":"Home","item":"https:\/\/tutungaleata.com\/"},{"@type":"ListItem","position":2,"name":"Acasa","item":"https:\/\/tutungaleata.com\/"},{"@type":"ListItem","position":3,"name":"Tutun Firicel Vrac Premium"}]},{"@type":"WebSite","@id":"https:\/\/tutungaleata.com\/#website","url":"https:\/\/tutungaleata.com\/","name":"Tutun La Galeata","description":"Tutun La Galeata cu livrare in toata tara","publisher":{"@id":"https:\/\/tutungaleata.com\/#organization"},"potentialAction":[{"@type":"SearchAction","target":{"@type":"EntryPoint","urlTemplate":"https:\/\/tutungaleata.com\/?s={search_term_string}"},"query-input":{"@type":"PropertyValueSpecification","valueRequired":true,"valueName":"search_term_string"}}],"inLanguage":"ro-RO"},{"@type":"Organization","@id":"https:\/\/tutungaleata.com\/#organization","name":"Tutun Firicel Vrac","url":"https:\/\/tutungaleata.com\/","logo":{"@type":"ImageObject","inLanguage":"ro-RO","@id":"https:\/\/tutungaleata.com\/#\/schema\/logo\/image\/","url":"https:\/\/tutungaleata.com\/wp-content\/uploads\/2021\/03\/android-chrome-512x512-1.png","contentUrl":"https:\/\/tutungaleata.com\/wp-content\/uploads\/2021\/03\/android-chrome-512x512-1.png","width":512,"height":512,"caption":"Tutun Firicel Vrac"},"image":{"@id":"https:\/\/tutungaleata.com\/#\/schema\/logo\/image\/"}}]}},"_links":{"self":[{"href":"https:\/\/tutungaleata.com\/index.php\/wp-json\/wp\/v2\/pages\/785","targetHints":{"allow":["GET"]}}],"collection":[{"href":"https:\/\/tutungaleata.com\/index.php\/wp-json\/wp\/v2\/pages"}],"about":[{"href":"https:\/\/tutungaleata.com\/index.php\/wp-json\/wp\/v2\/types\/page"}],"author":[{"embeddable":true,"href":"https:\/\/tutungaleata.com\/index.php\/wp-json\/wp\/v2\/users\/3"}],"replies":[{"embeddable":true,"href":"https:\/\/tutungaleata.com\/index.php\/wp-json\/wp\/v2\/comments?post=785"}],"version-history":[{"count":2,"href":"https:\/\/tutungaleata.com\/index.php\/wp-json\/wp\/v2\/pages\/785\/revisions"}],"predecessor-version":[{"id":1341,"href":"https:\/\/tutungaleata.com\/index.php\/wp-json\/wp\/v2\/pages\/785\/revisions\/1341"}],"up":[{"embeddable":true,"href":"https:\/\/tutungaleata.com\/index.php\/wp-json\/wp\/v2\/pages\/107"}],"wp:featuredmedia":[{"embeddable":true,"href":"https:\/\/tutungaleata.com\/index.php\/wp-json\/wp\/v2\/media\/697"}],"wp:attachment":[{"href":"https:\/\/tutungaleata.com\/index.php\/wp-json\/wp\/v2\/media?parent=785"}],"curies":[{"name":"wp","href":"https:\/\/api.w.org\/{rel}","templated":true}]}}