{"id":204,"date":"2014-08-29T19:02:51","date_gmt":"2014-08-29T19:02:51","guid":{"rendered":"http:\/\/themes.kadencethemes.com\/pinnacle-premium-2\/?page_id=204"},"modified":"2023-09-12T12:19:30","modified_gmt":"2023-09-12T12:19:30","slug":"despre-noi","status":"publish","type":"page","link":"https:\/\/tutungaleata.com\/index.php\/acasa\/despre-noi\/","title":{"rendered":"Despre noi"},"content":{"rendered":"<div id=\"pl-204\"  class=\"panel-layout\" ><div id=\"pg-204-0\"  class=\"panel-grid panel-has-style\"  style=\"margin-bottom: 0px;margin-left: 0px;margin-right: 0px;\" ><div class=\"wide-grey panel-widget-style panel-row-style panel-row-style-for-204-0\" ><div id=\"pgc-204-0-0\"  class=\"panel-grid-cell\" ><div id=\"panel-204-0-0-0\" class=\"so-panel widget widget_black-studio-tinymce widget_black_studio_tinymce panel-first-child panel-last-child\" data-index=\"0\" ><h3 class=\"widget-title\">Ne iubim clien\u021bii<\/h3><div class=\"textwidget\"><p style=\"text-align: center;\">Suntem o echipa de 5 tineri antreprenori cu v\u00e2rste intre 23 si 34 de ani. Ac\u021bion\u0103m pe pia\u021ba din Romania din 2010 si vindem tutun de calitate la preturi avantajoase. Acumulat ne apropiem de 100 de ani de experien\u021b\u0103 in comercializarea tutunului at\u00e2t in tara cat si in str\u0103in\u0103tate in tari precum Belgia, Spania Germania, Fran\u021ba si Anglia.<\/p>\n<p style=\"text-align: center;\">Dorim sa va livram produse de tabaquerie care sa se ridice la a\u0219tept\u0103rile dumneavoastr\u0103 si sa va fac\u0103 sa reveni\u021bi pe site-ul nostru.<\/p>\n<p>&nbsp;<\/p>\n<\/div><\/div><\/div><div id=\"pgc-204-0-1\"  class=\"panel-grid-cell\" ><div id=\"panel-204-0-1-0\" class=\"so-panel widget widget_black-studio-tinymce widget_black_studio_tinymce panel-first-child panel-last-child\" data-index=\"1\" ><div class=\"textwidget\">\n<div class=\"panel-group\" id=\"accordionname896\"><div class=\"panel panel-default\"><div class=\"panel-heading\"><a class=\"accordion-toggle \" data-toggle=\"collapse\" data-parent=\"#accordionname896\" href=\"#collapse8960\"><h5><i class=\"kt-icon-minus primary-color\"><\/i><i class=\"kt-icon-plus\"><\/i>De ce sa ne alegeti pe noi<\/h5><\/a><\/div><div id=\"collapse8960\" class=\"panel-collapse collapse in\"><div class=\"panel-body postclass\">\n\n<span style=\"color: #000000;\">Livram produse de calitate. Livram rapid si in siguran\u021ba. Oferim garan\u021bie\u00a0produselor pe care le comercializam.\u00a0<\/span>\n\n<\/div><\/div><\/div>\n<div class=\"panel panel-default\"><div class=\"panel-heading\"><a class=\"accordion-toggle collapsed\" data-toggle=\"collapse\" data-parent=\"#accordionname896\" href=\"#collapse8961\"><h5><i class=\"kt-icon-minus primary-color\"><\/i><i class=\"kt-icon-plus\"><\/i>Ne dep\u0103\u0219im concurenta<\/h5><\/a><\/div><div id=\"collapse8961\" class=\"panel-collapse collapse \"><div class=\"panel-body postclass\">\n\n<span style=\"color: #000000;\">Produsele si serviciile noastre dep\u0103\u0219esc cu mult concurenta. <\/span>\n\n<\/div><\/div><\/div><\/div>\n<\/div><\/div><\/div><\/div><\/div><\/div>","protected":false},"excerpt":{"rendered":"<p>Suntem o echipa de 5 tineri antreprenori cu v\u00e2rste intre 23 si 34 de ani. Ac\u021bion\u0103m pe pia\u021ba din Romania din 2010 si vindem tutun de calitate la preturi avantajoase. Acumulat ne apropiem de 100 de ani de experien\u021b\u0103 in comercializarea tutunului at\u00e2t in tara cat si in str\u0103in\u0103tate in &hellip; <a href=\"https:\/\/tutungaleata.com\/index.php\/acasa\/despre-noi\/\">Read More<\/a><\/p>\n","protected":false},"author":3,"featured_media":0,"parent":107,"menu_order":2,"comment_status":"closed","ping_status":"closed","template":"template-feature.php","meta":{"footnotes":""},"class_list":["post-204","page","type-page","status-publish","hentry"],"yoast_head":"<!-- This site is optimized with the Yoast SEO plugin v27.3 - https:\/\/yoast.com\/product\/yoast-seo-wordpress\/ -->\n<title>Despre noi - Tutun La Galeata<\/title>\n<meta name=\"robots\" content=\"index, follow, max-snippet:-1, max-image-preview:large, max-video-preview:-1\" \/>\n<link rel=\"canonical\" href=\"https:\/\/tutungaleata.com\/index.php\/acasa\/despre-noi\/\" \/>\n<meta property=\"og:locale\" content=\"ro_RO\" \/>\n<meta property=\"og:type\" content=\"article\" \/>\n<meta property=\"og:title\" content=\"Despre noi - Tutun La Galeata\" \/>\n<meta property=\"og:description\" content=\"Suntem o echipa de 5 tineri antreprenori cu v\u00e2rste intre 23 si 34 de ani. Ac\u021bion\u0103m pe pia\u021ba din Romania din 2010 si vindem tutun de calitate la preturi avantajoase. Acumulat ne apropiem de 100 de ani de experien\u021b\u0103 in comercializarea tutunului at\u00e2t in tara cat si in str\u0103in\u0103tate in &hellip; Read More\" \/>\n<meta property=\"og:url\" content=\"https:\/\/tutungaleata.com\/index.php\/acasa\/despre-noi\/\" \/>\n<meta property=\"og:site_name\" content=\"Tutun La Galeata\" \/>\n<meta property=\"article:modified_time\" content=\"2023-09-12T12:19:30+00:00\" \/>\n<meta name=\"twitter:card\" content=\"summary_large_image\" \/>\n<meta name=\"twitter:label1\" content=\"Timp estimat pentru citire\" \/>\n\t<meta name=\"twitter:data1\" content=\"1 minut\" \/>\n<script type=\"application\/ld+json\" class=\"yoast-schema-graph\">{\"@context\":\"https:\\\/\\\/schema.org\",\"@graph\":[{\"@type\":\"WebPage\",\"@id\":\"https:\\\/\\\/tutungaleata.com\\\/index.php\\\/acasa\\\/despre-noi\\\/\",\"url\":\"https:\\\/\\\/tutungaleata.com\\\/index.php\\\/acasa\\\/despre-noi\\\/\",\"name\":\"Despre noi - Tutun La Galeata\",\"isPartOf\":{\"@id\":\"https:\\\/\\\/tutungaleata.com\\\/#website\"},\"datePublished\":\"2014-08-29T19:02:51+00:00\",\"dateModified\":\"2023-09-12T12:19:30+00:00\",\"breadcrumb\":{\"@id\":\"https:\\\/\\\/tutungaleata.com\\\/index.php\\\/acasa\\\/despre-noi\\\/#breadcrumb\"},\"inLanguage\":\"ro-RO\",\"potentialAction\":[{\"@type\":\"ReadAction\",\"target\":[\"https:\\\/\\\/tutungaleata.com\\\/index.php\\\/acasa\\\/despre-noi\\\/\"]}]},{\"@type\":\"BreadcrumbList\",\"@id\":\"https:\\\/\\\/tutungaleata.com\\\/index.php\\\/acasa\\\/despre-noi\\\/#breadcrumb\",\"itemListElement\":[{\"@type\":\"ListItem\",\"position\":1,\"name\":\"Home\",\"item\":\"https:\\\/\\\/tutungaleata.com\\\/\"},{\"@type\":\"ListItem\",\"position\":2,\"name\":\"Acasa\",\"item\":\"https:\\\/\\\/tutungaleata.com\\\/\"},{\"@type\":\"ListItem\",\"position\":3,\"name\":\"Despre noi\"}]},{\"@type\":\"WebSite\",\"@id\":\"https:\\\/\\\/tutungaleata.com\\\/#website\",\"url\":\"https:\\\/\\\/tutungaleata.com\\\/\",\"name\":\"Tutun La Galeata\",\"description\":\"Tutun La Galeata cu livrare in toata tara\",\"publisher\":{\"@id\":\"https:\\\/\\\/tutungaleata.com\\\/#organization\"},\"potentialAction\":[{\"@type\":\"SearchAction\",\"target\":{\"@type\":\"EntryPoint\",\"urlTemplate\":\"https:\\\/\\\/tutungaleata.com\\\/?s={search_term_string}\"},\"query-input\":{\"@type\":\"PropertyValueSpecification\",\"valueRequired\":true,\"valueName\":\"search_term_string\"}}],\"inLanguage\":\"ro-RO\"},{\"@type\":\"Organization\",\"@id\":\"https:\\\/\\\/tutungaleata.com\\\/#organization\",\"name\":\"Tutun Firicel Vrac\",\"url\":\"https:\\\/\\\/tutungaleata.com\\\/\",\"logo\":{\"@type\":\"ImageObject\",\"inLanguage\":\"ro-RO\",\"@id\":\"https:\\\/\\\/tutungaleata.com\\\/#\\\/schema\\\/logo\\\/image\\\/\",\"url\":\"https:\\\/\\\/tutungaleata.com\\\/wp-content\\\/uploads\\\/2021\\\/03\\\/android-chrome-512x512-1.png\",\"contentUrl\":\"https:\\\/\\\/tutungaleata.com\\\/wp-content\\\/uploads\\\/2021\\\/03\\\/android-chrome-512x512-1.png\",\"width\":512,\"height\":512,\"caption\":\"Tutun Firicel Vrac\"},\"image\":{\"@id\":\"https:\\\/\\\/tutungaleata.com\\\/#\\\/schema\\\/logo\\\/image\\\/\"}}]}<\/script>\n<!-- \/ Yoast SEO plugin. -->","yoast_head_json":{"title":"Despre noi - Tutun La Galeata","robots":{"index":"index","follow":"follow","max-snippet":"max-snippet:-1","max-image-preview":"max-image-preview:large","max-video-preview":"max-video-preview:-1"},"canonical":"https:\/\/tutungaleata.com\/index.php\/acasa\/despre-noi\/","og_locale":"ro_RO","og_type":"article","og_title":"Despre noi - Tutun La Galeata","og_description":"Suntem o echipa de 5 tineri antreprenori cu v\u00e2rste intre 23 si 34 de ani. Ac\u021bion\u0103m pe pia\u021ba din Romania din 2010 si vindem tutun de calitate la preturi avantajoase. Acumulat ne apropiem de 100 de ani de experien\u021b\u0103 in comercializarea tutunului at\u00e2t in tara cat si in str\u0103in\u0103tate in &hellip; Read More","og_url":"https:\/\/tutungaleata.com\/index.php\/acasa\/despre-noi\/","og_site_name":"Tutun La Galeata","article_modified_time":"2023-09-12T12:19:30+00:00","twitter_card":"summary_large_image","twitter_misc":{"Timp estimat pentru citire":"1 minut"},"schema":{"@context":"https:\/\/schema.org","@graph":[{"@type":"WebPage","@id":"https:\/\/tutungaleata.com\/index.php\/acasa\/despre-noi\/","url":"https:\/\/tutungaleata.com\/index.php\/acasa\/despre-noi\/","name":"Despre noi - Tutun La Galeata","isPartOf":{"@id":"https:\/\/tutungaleata.com\/#website"},"datePublished":"2014-08-29T19:02:51+00:00","dateModified":"2023-09-12T12:19:30+00:00","breadcrumb":{"@id":"https:\/\/tutungaleata.com\/index.php\/acasa\/despre-noi\/#breadcrumb"},"inLanguage":"ro-RO","potentialAction":[{"@type":"ReadAction","target":["https:\/\/tutungaleata.com\/index.php\/acasa\/despre-noi\/"]}]},{"@type":"BreadcrumbList","@id":"https:\/\/tutungaleata.com\/index.php\/acasa\/despre-noi\/#breadcrumb","itemListElement":[{"@type":"ListItem","position":1,"name":"Home","item":"https:\/\/tutungaleata.com\/"},{"@type":"ListItem","position":2,"name":"Acasa","item":"https:\/\/tutungaleata.com\/"},{"@type":"ListItem","position":3,"name":"Despre noi"}]},{"@type":"WebSite","@id":"https:\/\/tutungaleata.com\/#website","url":"https:\/\/tutungaleata.com\/","name":"Tutun La Galeata","description":"Tutun La Galeata cu livrare in toata tara","publisher":{"@id":"https:\/\/tutungaleata.com\/#organization"},"potentialAction":[{"@type":"SearchAction","target":{"@type":"EntryPoint","urlTemplate":"https:\/\/tutungaleata.com\/?s={search_term_string}"},"query-input":{"@type":"PropertyValueSpecification","valueRequired":true,"valueName":"search_term_string"}}],"inLanguage":"ro-RO"},{"@type":"Organization","@id":"https:\/\/tutungaleata.com\/#organization","name":"Tutun Firicel Vrac","url":"https:\/\/tutungaleata.com\/","logo":{"@type":"ImageObject","inLanguage":"ro-RO","@id":"https:\/\/tutungaleata.com\/#\/schema\/logo\/image\/","url":"https:\/\/tutungaleata.com\/wp-content\/uploads\/2021\/03\/android-chrome-512x512-1.png","contentUrl":"https:\/\/tutungaleata.com\/wp-content\/uploads\/2021\/03\/android-chrome-512x512-1.png","width":512,"height":512,"caption":"Tutun Firicel Vrac"},"image":{"@id":"https:\/\/tutungaleata.com\/#\/schema\/logo\/image\/"}}]}},"_links":{"self":[{"href":"https:\/\/tutungaleata.com\/index.php\/wp-json\/wp\/v2\/pages\/204","targetHints":{"allow":["GET"]}}],"collection":[{"href":"https:\/\/tutungaleata.com\/index.php\/wp-json\/wp\/v2\/pages"}],"about":[{"href":"https:\/\/tutungaleata.com\/index.php\/wp-json\/wp\/v2\/types\/page"}],"author":[{"embeddable":true,"href":"https:\/\/tutungaleata.com\/index.php\/wp-json\/wp\/v2\/users\/3"}],"replies":[{"embeddable":true,"href":"https:\/\/tutungaleata.com\/index.php\/wp-json\/wp\/v2\/comments?post=204"}],"version-history":[{"count":16,"href":"https:\/\/tutungaleata.com\/index.php\/wp-json\/wp\/v2\/pages\/204\/revisions"}],"predecessor-version":[{"id":1434,"href":"https:\/\/tutungaleata.com\/index.php\/wp-json\/wp\/v2\/pages\/204\/revisions\/1434"}],"up":[{"embeddable":true,"href":"https:\/\/tutungaleata.com\/index.php\/wp-json\/wp\/v2\/pages\/107"}],"wp:attachment":[{"href":"https:\/\/tutungaleata.com\/index.php\/wp-json\/wp\/v2\/media?parent=204"}],"curies":[{"name":"wp","href":"https:\/\/api.w.org\/{rel}","templated":true}]}}